{"id":78269,"date":"2022-11-03T21:57:39","date_gmt":"2022-11-03T21:57:39","guid":{"rendered":"https:\/\/www.xn--herz-bauch-gefhl-wzb.at\/layout\/?page_id=78269"},"modified":"2023-06-28T14:19:01","modified_gmt":"2023-06-28T14:19:01","slug":"energiebehandlungen","status":"publish","type":"page","link":"https:\/\/www.xn--herz-bauch-gefhl-wzb.at\/layout\/index.php\/energiebehandlungen\/","title":{"rendered":"Energiebehandlungen"},"content":{"rendered":"\t\t<div data-elementor-type=\"wp-page\" data-elementor-id=\"78269\" class=\"elementor elementor-78269\">\n\t\t\t\t\t\t<section class=\"elementor-section elementor-top-section elementor-element elementor-element-5873bc8 elementor-section-boxed elementor-section-height-default elementor-section-height-default\" data-id=\"5873bc8\" data-element_type=\"section\" data-e-type=\"section\">\n\t\t\t\t\t\t<div class=\"elementor-container elementor-column-gap-default\">\n\t\t\t\t\t<div class=\"elementor-column elementor-col-50 elementor-top-column elementor-element elementor-element-da064eb\" data-id=\"da064eb\" data-element_type=\"column\" data-e-type=\"column\">\n\t\t\t<div class=\"elementor-widget-wrap elementor-element-populated\">\n\t\t\t\t\t\t<div class=\"elementor-element elementor-element-3dc708c elementor-widget elementor-widget-heading\" data-id=\"3dc708c\" data-element_type=\"widget\" data-e-type=\"widget\" data-settings=\"{&quot;motion_fx_motion_fx_mouse&quot;:&quot;yes&quot;,&quot;_animation&quot;:&quot;none&quot;}\" data-widget_type=\"heading.default\">\n\t\t\t\t<div class=\"elementor-widget-container\">\n\t\t\t\t\t<h2 class=\"elementor-heading-title elementor-size-default\">Wohlf\u00fchl Energiebehandlungen<\/h2>\t\t\t\t<\/div>\n\t\t\t\t<\/div>\n\t\t\t\t<div class=\"elementor-element elementor-element-72cae08 elementor-widget elementor-widget-spacer\" data-id=\"72cae08\" data-element_type=\"widget\" data-e-type=\"widget\" data-widget_type=\"spacer.default\">\n\t\t\t\t<div class=\"elementor-widget-container\">\n\t\t\t\t\t\t\t<div class=\"elementor-spacer\">\n\t\t\t<div class=\"elementor-spacer-inner\"><\/div>\n\t\t<\/div>\n\t\t\t\t\t\t<\/div>\n\t\t\t\t<\/div>\n\t\t\t\t<div class=\"elementor-element elementor-element-f6c656f elementor-widget elementor-widget-text-editor\" data-id=\"f6c656f\" data-element_type=\"widget\" data-e-type=\"widget\" data-widget_type=\"text-editor.default\">\n\t\t\t\t<div class=\"elementor-widget-container\">\n\t\t\t\t\t\t\t\t\t<p>Die Behandlung wirk auf der feinstofflichen Ebene um k\u00f6rperliche Ausgewogenheit (wieder) zu erlangen. Die von mir angewandte Heilige Geometrie ist ein sanftes Ber\u00fchren und Energiearbeit in der Aura mit unterschiedlichen Methoden und Techniken. Die Aura ist das Energiefeld die unseren K\u00f6rper umgibt.\u200b<\/p>\t\t\t\t\t\t\t\t<\/div>\n\t\t\t\t<\/div>\n\t\t\t\t<div class=\"elementor-element elementor-element-fdb3c15 elementor-widget elementor-widget-spacer\" data-id=\"fdb3c15\" data-element_type=\"widget\" data-e-type=\"widget\" data-widget_type=\"spacer.default\">\n\t\t\t\t<div class=\"elementor-widget-container\">\n\t\t\t\t\t\t\t<div class=\"elementor-spacer\">\n\t\t\t<div class=\"elementor-spacer-inner\"><\/div>\n\t\t<\/div>\n\t\t\t\t\t\t<\/div>\n\t\t\t\t<\/div>\n\t\t\t\t<div class=\"elementor-element elementor-element-93fa17a elementor-align-start elementor-tablet-align-start elementor-list-item-link-full_width elementor-widget elementor-widget-icon-list\" data-id=\"93fa17a\" data-element_type=\"widget\" data-e-type=\"widget\" data-widget_type=\"icon-list.default\">\n\t\t\t\t<div class=\"elementor-widget-container\">\n\t\t\t\t\t\t\t<ul class=\"elementor-icon-list-items\">\n\t\t\t\t\t\t\t<li class=\"elementor-icon-list-item\">\n\t\t\t\t\t\t\t\t\t\t\t<span class=\"elementor-icon-list-icon\">\n\t\t\t\t\t\t\t<i aria-hidden=\"true\" class=\"far fa-heart\"><\/i>\t\t\t\t\t\t<\/span>\n\t\t\t\t\t\t\t\t\t\t<span class=\"elementor-icon-list-text\">Wohlergehen verbessern<\/span>\n\t\t\t\t\t\t\t\t\t<\/li>\n\t\t\t\t\t\t\t\t<li class=\"elementor-icon-list-item\">\n\t\t\t\t\t\t\t\t\t\t\t<span class=\"elementor-icon-list-icon\">\n\t\t\t\t\t\t\t<i aria-hidden=\"true\" class=\"far fa-heart\"><\/i>\t\t\t\t\t\t<\/span>\n\t\t\t\t\t\t\t\t\t\t<span class=\"elementor-icon-list-text\">Energieblockaden l\u00f6sen<\/span>\n\t\t\t\t\t\t\t\t\t<\/li>\n\t\t\t\t\t\t\t\t<li class=\"elementor-icon-list-item\">\n\t\t\t\t\t\t\t\t\t\t\t<span class=\"elementor-icon-list-icon\">\n\t\t\t\t\t\t\t<i aria-hidden=\"true\" class=\"far fa-heart\"><\/i>\t\t\t\t\t\t<\/span>\n\t\t\t\t\t\t\t\t\t\t<span class=\"elementor-icon-list-text\">Chakren ausgleichen<\/span>\n\t\t\t\t\t\t\t\t\t<\/li>\n\t\t\t\t\t\t\t\t<li class=\"elementor-icon-list-item\">\n\t\t\t\t\t\t\t\t\t\t\t<span class=\"elementor-icon-list-icon\">\n\t\t\t\t\t\t\t<i aria-hidden=\"true\" class=\"far fa-heart\"><\/i>\t\t\t\t\t\t<\/span>\n\t\t\t\t\t\t\t\t\t\t<span class=\"elementor-icon-list-text\"><span lang=\"de\"><span>Balance s<\/span><\/span>chaffen<\/span>\n\t\t\t\t\t\t\t\t\t<\/li>\n\t\t\t\t\t\t\t\t<li class=\"elementor-icon-list-item\">\n\t\t\t\t\t\t\t\t\t\t\t<span class=\"elementor-icon-list-icon\">\n\t\t\t\t\t\t\t<i aria-hidden=\"true\" class=\"far fa-heart\"><\/i>\t\t\t\t\t\t<\/span>\n\t\t\t\t\t\t\t\t\t\t<span class=\"elementor-icon-list-text\">Sich regelm\u00e4\u00dfig etwas Gutes tun und auftanken<\/span>\n\t\t\t\t\t\t\t\t\t<\/li>\n\t\t\t\t\t\t<\/ul>\n\t\t\t\t\t\t<\/div>\n\t\t\t\t<\/div>\n\t\t\t\t\t<\/div>\n\t\t<\/div>\n\t\t\t\t<div class=\"elementor-column elementor-col-50 elementor-top-column elementor-element elementor-element-8b4382a\" data-id=\"8b4382a\" data-element_type=\"column\" data-e-type=\"column\">\n\t\t\t<div class=\"elementor-widget-wrap elementor-element-populated\">\n\t\t\t\t\t\t<div class=\"elementor-element elementor-element-754f84e elementor-widget elementor-widget-image\" data-id=\"754f84e\" data-element_type=\"widget\" data-e-type=\"widget\" data-widget_type=\"image.default\">\n\t\t\t\t<div class=\"elementor-widget-container\">\n\t\t\t\t\t\t\t\t\t\t\t\t\t\t\t<img fetchpriority=\"high\" decoding=\"async\" width=\"960\" height=\"686\" src=\"https:\/\/www.xn--herz-bauch-gefhl-wzb.at\/layout\/wp-content\/uploads\/2023\/04\/humananergetikerin_energiebehandlung.jpg\" class=\"attachment-full size-full wp-image-79546\" alt=\"\" srcset=\"https:\/\/www.xn--herz-bauch-gefhl-wzb.at\/layout\/wp-content\/uploads\/2023\/04\/humananergetikerin_energiebehandlung.jpg 960w, https:\/\/www.xn--herz-bauch-gefhl-wzb.at\/layout\/wp-content\/uploads\/2023\/04\/humananergetikerin_energiebehandlung-300x214.jpg 300w, https:\/\/www.xn--herz-bauch-gefhl-wzb.at\/layout\/wp-content\/uploads\/2023\/04\/humananergetikerin_energiebehandlung-768x549.jpg 768w\" sizes=\"(max-width: 960px) 100vw, 960px\" \/>\t\t\t\t\t\t\t\t\t\t\t\t\t\t\t<\/div>\n\t\t\t\t<\/div>\n\t\t\t\t\t<\/div>\n\t\t<\/div>\n\t\t\t\t\t<\/div>\n\t\t<\/section>\n\t\t\t\t<section class=\"elementor-section elementor-top-section elementor-element elementor-element-33cbc6b elementor-section-boxed elementor-section-height-default elementor-section-height-default\" data-id=\"33cbc6b\" data-element_type=\"section\" data-e-type=\"section\">\n\t\t\t\t\t\t<div class=\"elementor-container elementor-column-gap-default\">\n\t\t\t\t\t<div class=\"elementor-column elementor-col-100 elementor-top-column elementor-element elementor-element-ebd605e\" data-id=\"ebd605e\" data-element_type=\"column\" data-e-type=\"column\">\n\t\t\t<div class=\"elementor-widget-wrap elementor-element-populated\">\n\t\t\t\t\t\t<div class=\"elementor-element elementor-element-3a9211e elementor-widget elementor-widget-heading\" data-id=\"3a9211e\" data-element_type=\"widget\" data-e-type=\"widget\" data-widget_type=\"heading.default\">\n\t\t\t\t<div class=\"elementor-widget-container\">\n\t\t\t\t\t<h3 class=\"elementor-heading-title elementor-size-default\">F\u00fcr dein Wohlf\u00fchlen begleiten uns eine angenehme W\u00e4rme, nach Wunsch Musik und intuitiv verwende ich bei der Behandlung \u00c4therische \u00d6le von Young Living oder Doterra sowie von dir ausgew\u00e4hlte Erzengelsprays Aurosoma oder Energiesprays von Wiesengschaftler.<\/h3>\t\t\t\t<\/div>\n\t\t\t\t<\/div>\n\t\t\t\t\t<\/div>\n\t\t<\/div>\n\t\t\t\t\t<\/div>\n\t\t<\/section>\n\t\t\t\t<\/div>\n\t\t","protected":false},"excerpt":{"rendered":"<p>Wohlf\u00fchl Energiebehandlungen Die Behandlung wirk auf der feinstofflichen Ebene um k\u00f6rperliche Ausgewogenheit (wieder) zu erlangen. Die von mir angewandte Heilige Geometrie ist ein sanftes Ber\u00fchren und Energiearbeit in der Aura mit unterschiedlichen Methoden und Techniken. Die Aura ist das Energiefeld die unseren K\u00f6rper umgibt.\u200b Wohlergehen verbessern Energieblockaden l\u00f6sen Chakren ausgleichen Balance schaffen Sich regelm\u00e4\u00dfig etwas&hellip;<\/p>\n","protected":false},"author":1,"featured_media":0,"parent":0,"menu_order":0,"comment_status":"closed","ping_status":"closed","template":"","meta":{"footnotes":""},"class_list":["post-78269","page","type-page","status-publish","hentry"],"_links":{"self":[{"href":"https:\/\/www.xn--herz-bauch-gefhl-wzb.at\/layout\/index.php\/wp-json\/wp\/v2\/pages\/78269","targetHints":{"allow":["GET"]}}],"collection":[{"href":"https:\/\/www.xn--herz-bauch-gefhl-wzb.at\/layout\/index.php\/wp-json\/wp\/v2\/pages"}],"about":[{"href":"https:\/\/www.xn--herz-bauch-gefhl-wzb.at\/layout\/index.php\/wp-json\/wp\/v2\/types\/page"}],"author":[{"embeddable":true,"href":"https:\/\/www.xn--herz-bauch-gefhl-wzb.at\/layout\/index.php\/wp-json\/wp\/v2\/users\/1"}],"replies":[{"embeddable":true,"href":"https:\/\/www.xn--herz-bauch-gefhl-wzb.at\/layout\/index.php\/wp-json\/wp\/v2\/comments?post=78269"}],"version-history":[{"count":209,"href":"https:\/\/www.xn--herz-bauch-gefhl-wzb.at\/layout\/index.php\/wp-json\/wp\/v2\/pages\/78269\/revisions"}],"predecessor-version":[{"id":79877,"href":"https:\/\/www.xn--herz-bauch-gefhl-wzb.at\/layout\/index.php\/wp-json\/wp\/v2\/pages\/78269\/revisions\/79877"}],"wp:attachment":[{"href":"https:\/\/www.xn--herz-bauch-gefhl-wzb.at\/layout\/index.php\/wp-json\/wp\/v2\/media?parent=78269"}],"curies":[{"name":"wp","href":"https:\/\/api.w.org\/{rel}","templated":true}]}}